{"id":57,"date":"2021-03-30T11:27:16","date_gmt":"2021-03-30T09:27:16","guid":{"rendered":"https:\/\/www.flatz.com\/kontakt\/impressum\/"},"modified":"2022-12-22T08:44:10","modified_gmt":"2022-12-22T07:44:10","slug":"impressum","status":"publish","type":"page","link":"https:\/\/www.flatz.com\/de\/kontakt\/impressum\/","title":{"rendered":"Impressum"},"content":{"rendered":"\n<p>Offenlegung gem\u00e4\u00df \u00a7 5 E-Commerce-Gesetz<\/p>\n\n\n\n<p><strong>F\u00fcr den Inhalt verantwortlich:<\/strong>\u00a0Mag. Stefan Flatz<\/p>\n\n\n\n<p><strong>Flatz GmbH<br><\/strong>Funkenstra\u00dfe 6<br>6923 Lauterach<br>\u00d6sterreich<\/p>\n\n\n\n<p>T +43 5574 83 290<br><a href=\"mailto:office@flatz.com\">office@flatz.com<\/a><\/p>\n\n\n\n<p>UID: ATU35758104<br>EORI: ATEOS1000000667<br>Firmenbuchnummer: FN136639s<br>Firmenbuchgericht: Landesgericht Feldkirch<\/p>\n\n\n\n<p>Fachgruppe der Wirtschaftskammer Vorarlberg, Sparte: Industrie<br>Unternehmensgegenstand: Erzeugung von Verpackungen aus Pappe und Kunststoffe in industriem\u00e4\u00dfiger Form<br>Berufszweig: Chemische Rohstoffe (anorganische u. organische Chemikalien), Papier- und Kartonveredelungsindustrie<br>Aufsichtsbeh\u00f6rde gem\u00e4\u00df ECG: Bezirkshauptmannschaft Feldkirch<\/p>\n\n\n\n<h2 class=\"wp-block-heading\">Disclaimer<\/h2>\n\n\n\n<p>Die auf dieser Website enthaltenen Informationen stellen keine Beratung \u00fcber die Produkte und Dienstleistungen von Flatz GmbH dar, sofern nicht ausdr\u00fccklich anderes dargestellt wird.<\/p>\n\n\n\n<p>Verweise und Links auf Websites Dritter bedeuten nicht, dass sich Flatz GmbH die hinter dem Verweis oder Link liegenden Inhalte zu eigen macht. Diese Inhalte begr\u00fcnden keine Verantwortung von Flatz GmbH f\u00fcr die dort bereit gehaltenen Daten und Informationen. Flatz GmbH hat keinen Einfluss auf die hinter dem Link liegenden Inhalte. F\u00fcr rechtswidrige oder rechtsverletzenden Inhalte und f\u00fcr Sch\u00e4den, die aufgrund der Nutzung von einem hinter dem Link liegenden Inhalt verursacht worden sind, haftet Flatz GmbH daher nicht. Ferner ist Flatz GmbH bem\u00fcht, diese Website jederzeit aufrufbar zu halten, haftet jedoch nicht daf\u00fcr.<\/p>\n\n\n\n<h2 class=\"wp-block-heading\">Haftungsbeschr\u00e4nkung<\/h2>\n\n\n\n<p>Die Inhalte dieser Website werden mit gr\u00f6\u00dftm\u00f6glicher Sorgfalt erstellt. Flatz GmbH \u00fcbernimmt jedoch keine Gew\u00e4hr f\u00fcr die Richtigkeit, Vollst\u00e4ndigkeit und Aktualit\u00e4t der bereitgestellten Inhalte. Die Nutzung der Inhalte der Website erfolgt auf eigene Gefahr des Nutzers. Namentlich gekennzeichnete Beitr\u00e4ge geben die Meinung des jeweiligen Autors und nicht immer die Meinung des Anbieters wieder. Mit der reinen Nutzung der Website des Anbieters kommt keinerlei Vertragsverh\u00e4ltnis zwischen dem Nutzer und dem Anbieter zustande. Wir behalten uns das Recht vor, das Angebot unserer Website ohne gesonderte Ank\u00fcndigung jederzeit zu \u00e4ndern, zu aktualisieren oder einzustellen. Flatz GmbH \u00fcbernimmt keine Haftung f\u00fcr Sch\u00e4den aufgrund von fehlerhaften, unrichtigen oder unvollst\u00e4ndigen Inhalten.<\/p>\n\n\n\n<p>Mit der Nutzung unserer Internetpr\u00e4senz kommt keinerlei Vertragsverh\u00e4ltnis zwischen dem Nutzer und Flatz GmbH zustande. Die Informationen auf dieser Website sind allgemeiner Art und dienen lediglich dazu, dem interessierten Internetnutzer unsere Produkte und Dienstleistungen vorzustellen. F\u00fcr Entscheidungen, die der Verwender auf Grund der genannten Informationen trifft, \u00fcbernehmen wir keine Verantwortung. Die Website von Flatz GmbH kann eine individuelle Beratung im Einzelfall nicht ersetzen.<\/p>\n\n\n\n<h2 class=\"wp-block-heading\">Urheber- und Leistungsschutzrechte<\/h2>\n\n\n\n<p>Die auf dieser Website ver\u00f6ffentlichten Inhalte unterliegen dem \u00f6sterreichischen Urheber- und Leistungsschutzrecht. Jede vom Urheber- und Leistungsschutzrecht nicht zugelassene Verwertung bedarf der vorherigen schriftlichen Zustimmung von Flatz GmbH oder jeweiligen Rechteinhabers. Dies gilt insbesondere f\u00fcr Vervielf\u00e4ltigung, Bearbeitung, \u00dcbersetzung, Einspeicherung, Verarbeitung bzw. Wiedergabe von Inhalten in Datenbanken oder anderen elektronischen Medien und Systemen. Inhalte und Rechte Dritter sind dabei als solche gekennzeichnet. Die unerlaubte Vervielf\u00e4ltigung oder Weitergabe einzelner Inhalte oder kompletter Seiten ist nicht gestattet und strafbar. Lediglich die Herstellung von Kopien und Downloads f\u00fcr den pers\u00f6nlichen, privaten und nicht kommerziellen Gebrauch ist erlaubt.<\/p>\n\n\n\n<p>Die Darstellung dieser Website in fremden Frames ist nur mit schriftlicher Erlaubnis zul\u00e4ssig.<\/p>\n\n\n\n<h2 class=\"wp-block-heading\">Soziale Medien<\/h2>\n\n\n\n<p>Dieses Impressum gilt auch f\u00fcr unsere Social Media Profile wie z.B. Facebook <a rel=\"noreferrer noopener\" href=\"https:\/\/www.facebook.com\/lehrebeiflatz\" target=\"_blank\">https:\/\/www.facebook.com\/lehrebeiflatz<\/a>, Facebook <a rel=\"noreferrer noopener\" href=\"https:\/\/www.facebook.com\/flatzgmbh\" target=\"_blank\">https:\/\/www.facebook.com\/flatzgmbh<\/a>, Instagram <a rel=\"noreferrer noopener\" href=\"https:\/\/www.instagram.com\/flatzgmbh\" target=\"_blank\">https:\/\/www.instagram.com\/flatzgmbh<\/a> und weitere.<\/p>\n\n\n\n<h3 class=\"wp-block-heading\">Gestaltung der Webseite<\/h3>\n\n\n\n<p>zurgams Kommunikationsagentur GmbH<br>Steinebach 3<br>6850 Dornbirn<br>\u00d6sterreich<br><a rel=\"noreferrer noopener\" href=\"https:\/\/www.zurgams.com\/\" target=\"_blank\">www.zurgams.com<\/a><\/p>\n\n\n\n<h3 class=\"wp-block-heading\">Konzeption &amp; Umsetzung der Webseite<\/h3>\n\n\n\n<p>creative<strong>media<\/strong> AG<br>Im alten Riet 153<br>9494 Schaan<br>Liechtenstein<br><a href=\"https:\/\/www.creativemedia.li\/\" target=\"_blank\" rel=\"noreferrer noopener\">www.creativemedia.li<\/a><\/p>\n","protected":false},"excerpt":{"rendered":"<p>Offenlegung gem\u00e4\u00df \u00a7 5 E-Commerce-Gesetz F\u00fcr den Inhalt verantwortlich:\u00a0Mag. Stefan Flatz Flatz GmbHFunkenstra\u00dfe 66923 Lauterach\u00d6sterreich T +43 5574 83 290office@flatz.com UID: ATU35758104EORI: ATEOS1000000667Firmenbuchnummer: FN136639sFirmenbuchgericht: Landesgericht Feldkirch Fachgruppe der Wirtschaftskammer Vorarlberg, Sparte: IndustrieUnternehmensgegenstand: Erzeugung von Verpackungen aus Pappe und Kunststoffe in industriem\u00e4\u00dfiger FormBerufszweig: Chemische Rohstoffe (anorganische u. organische Chemikalien), Papier- und KartonveredelungsindustrieAufsichtsbeh\u00f6rde gem\u00e4\u00df ECG: Bezirkshauptmannschaft Feldkirch [&hellip;]<\/p>\n","protected":false},"author":1,"featured_media":0,"parent":15,"menu_order":37,"comment_status":"closed","ping_status":"closed","template":"","meta":{"_seopress_robots_primary_cat":"","_seopress_titles_title":"Flatz GmbH | Impressum","_seopress_titles_desc":"Flatz: Impressum","_seopress_robots_index":"yes","_relevanssi_hide_post":"","_relevanssi_hide_content":"","_relevanssi_pin_for_all":"","_relevanssi_pin_keywords":"","_relevanssi_unpin_keywords":"","_relevanssi_related_keywords":"","_relevanssi_related_include_ids":"","_relevanssi_related_exclude_ids":"","_relevanssi_related_no_append":"","_relevanssi_related_not_related":"","_relevanssi_related_posts":"5940,6003","_relevanssi_noindex_reason":"SEOPress Relevanssi Index ausgeschlossen","_uag_custom_page_level_css":"","footnotes":""},"class_list":["post-57","page","type-page","status-publish","hentry"],"uagb_featured_image_src":{"full":false,"thumbnail":false,"medium":false,"medium_large":false,"large":false,"image-480":false,"image-640":false,"image-720":false,"image-960":false,"image-1168":false,"image-1440":false,"image-1920":false,"1536x1536":false,"2048x2048":false,"custom-1400":false,"custom-750":false,"custom-350":false,"acf-gallery":false},"uagb_author_info":{"display_name":"wpchamps-admin","author_link":"https:\/\/www.flatz.com\/de\/author\/wpchamps-admin\/"},"uagb_comment_info":0,"uagb_excerpt":"Offenlegung gem\u00e4\u00df \u00a7 5 E-Commerce-Gesetz F\u00fcr den Inhalt verantwortlich:\u00a0Mag. Stefan Flatz Flatz GmbHFunkenstra\u00dfe 66923 Lauterach\u00d6sterreich T +43 5574 83 290office@flatz.com UID: ATU35758104EORI: ATEOS1000000667Firmenbuchnummer: FN136639sFirmenbuchgericht: Landesgericht Feldkirch Fachgruppe der Wirtschaftskammer Vorarlberg, Sparte: IndustrieUnternehmensgegenstand: Erzeugung von Verpackungen aus Pappe und Kunststoffe in industriem\u00e4\u00dfiger FormBerufszweig: Chemische Rohstoffe (anorganische u. organische Chemikalien), Papier- und KartonveredelungsindustrieAufsichtsbeh\u00f6rde gem\u00e4\u00df ECG: Bezirkshauptmannschaft Feldkirch&hellip;","meta_box":[],"_links":{"self":[{"href":"https:\/\/www.flatz.com\/de\/wp-json\/wp\/v2\/pages\/57","targetHints":{"allow":["GET"]}}],"collection":[{"href":"https:\/\/www.flatz.com\/de\/wp-json\/wp\/v2\/pages"}],"about":[{"href":"https:\/\/www.flatz.com\/de\/wp-json\/wp\/v2\/types\/page"}],"author":[{"embeddable":true,"href":"https:\/\/www.flatz.com\/de\/wp-json\/wp\/v2\/users\/1"}],"replies":[{"embeddable":true,"href":"https:\/\/www.flatz.com\/de\/wp-json\/wp\/v2\/comments?post=57"}],"version-history":[{"count":0,"href":"https:\/\/www.flatz.com\/de\/wp-json\/wp\/v2\/pages\/57\/revisions"}],"up":[{"embeddable":true,"href":"https:\/\/www.flatz.com\/de\/wp-json\/wp\/v2\/pages\/15"}],"wp:attachment":[{"href":"https:\/\/www.flatz.com\/de\/wp-json\/wp\/v2\/media?parent=57"}],"curies":[{"name":"wp","href":"https:\/\/api.w.org\/{rel}","templated":true}]}}