{"id":6313,"date":"2024-04-08T08:28:25","date_gmt":"2024-04-08T06:28:25","guid":{"rendered":"https:\/\/www.flatz.com\/?page_id=6313"},"modified":"2024-04-08T08:38:39","modified_gmt":"2024-04-08T06:38:39","slug":"home-2","status":"publish","type":"page","link":"https:\/\/www.flatz.com\/de\/home-2024-neu\/","title":{"rendered":"Home Neu"},"content":{"rendered":"","protected":false},"excerpt":{"rendered":"","protected":false},"author":1,"featured_media":0,"parent":0,"menu_order":0,"comment_status":"closed","ping_status":"closed","template":"","meta":{"_seopress_robots_primary_cat":"","_seopress_titles_title":"Verpackungen, technische Bauteile & W\u00e4rmed\u00e4mmung von Flatz GmbH","_seopress_titles_desc":"Flatz ist das Innovationsunternehmen f\u00fcr Verpackungen, technische Bauteile und W\u00e4rmed\u00e4mmung aus Vorarlberg: Jetzt mehr erfahren.","_seopress_robots_index":"","_relevanssi_hide_post":"","_relevanssi_hide_content":"","_relevanssi_pin_for_all":"","_relevanssi_pin_keywords":"","_relevanssi_unpin_keywords":"","_relevanssi_related_keywords":"","_relevanssi_related_include_ids":"","_relevanssi_related_exclude_ids":"","_relevanssi_related_no_append":"","_relevanssi_related_not_related":"","_relevanssi_related_posts":"5940,6003","_relevanssi_noindex_reason":"","_uag_custom_page_level_css":"","footnotes":""},"class_list":["post-6313","page","type-page","status-publish","hentry"],"uagb_featured_image_src":{"full":false,"thumbnail":false,"medium":false,"medium_large":false,"large":false,"image-480":false,"image-640":false,"image-720":false,"image-960":false,"image-1168":false,"image-1440":false,"image-1920":false,"1536x1536":false,"2048x2048":false,"custom-1400":false,"custom-750":false,"custom-350":false,"acf-gallery":false},"uagb_author_info":{"display_name":"wpchamps-admin","author_link":"https:\/\/www.flatz.com\/de\/author\/wpchamps-admin\/"},"uagb_comment_info":0,"uagb_excerpt":null,"meta_box":[],"_links":{"self":[{"href":"https:\/\/www.flatz.com\/de\/wp-json\/wp\/v2\/pages\/6313","targetHints":{"allow":["GET"]}}],"collection":[{"href":"https:\/\/www.flatz.com\/de\/wp-json\/wp\/v2\/pages"}],"about":[{"href":"https:\/\/www.flatz.com\/de\/wp-json\/wp\/v2\/types\/page"}],"author":[{"embeddable":true,"href":"https:\/\/www.flatz.com\/de\/wp-json\/wp\/v2\/users\/1"}],"replies":[{"embeddable":true,"href":"https:\/\/www.flatz.com\/de\/wp-json\/wp\/v2\/comments?post=6313"}],"version-history":[{"count":0,"href":"https:\/\/www.flatz.com\/de\/wp-json\/wp\/v2\/pages\/6313\/revisions"}],"wp:attachment":[{"href":"https:\/\/www.flatz.com\/de\/wp-json\/wp\/v2\/media?parent=6313"}],"curies":[{"name":"wp","href":"https:\/\/api.w.org\/{rel}","templated":true}]}}